{"id":8,"date":"2020-08-01T09:39:15","date_gmt":"2020-08-01T07:39:15","guid":{"rendered":"http:\/\/paben.pl\/?page_id=8"},"modified":"2021-09-17T19:15:18","modified_gmt":"2021-09-17T17:15:18","slug":"start","status":"publish","type":"page","link":"https:\/\/paben.pl\/","title":{"rendered":""},"content":{"rendered":"\n<div class=\"wp-block-group alignwide\"><div class=\"wp-block-group__inner-container\"><\/div><\/div>\n\n\n\n<div class=\"wp-block-columns alignwide\">\n<div class=\"wp-block-column\">\n<div class=\"wp-block-group\"><div class=\"wp-block-group__inner-container\">\n<h2>O nas<\/h2>\n\n\n\n<p>Firma Paben powsta\u0142a w 1995 roku i uczestniczy\u0142a we wprowadzaniu produkt\u00f3w MAPEI na polski rynek. Dzi\u015b Firma Paben jest autoryzowanym dystrybutorem firmy Mapei na terenie wojew\u00f3dztwa \u0142\u00f3dzkiego, kujawsko-pomorskiego, zachodniej cz\u0119\u015bci woj. Mazowieckiego i wschodniej cz\u0119\u015bci woj. Wielkopolskiego&#8230;<\/p>\n\n\n\n<div class=\"wp-block-button is-style-outline\"><a class=\"wp-block-button__link\" href=\"http:\/\/paben.pl\/?page_id=9\">Czytaj wi\u0119cej<\/a><\/div>\n<\/div><\/div>\n\n\n\n<div class=\"wp-block-group\"><div class=\"wp-block-group__inner-container\"><\/div><\/div>\n<\/div>\n\n\n\n<div class=\"wp-block-column\">\n<div class=\"wp-block-group\"><div class=\"wp-block-group__inner-container\">\n<h2>Referencje<\/h2>\n\n\n\n<p class=\"has-text-align-right\">Firma Mapei Polska Sp. z o.o zdoby\u0142a tytu\u0142 Budowlanej Marki Roku w kategorii ,,kleje i fugi\u201d. Nagrod\u0119 odebra\u0142 osobi\u015bcie dyrektor generalny Mapei Polska \u2013 Artur O\u0142ubek. Tym razem wyboru dokonywali wykonawcy, oceniaj\u0105c w wywiadach prowadzonych przez ASM \u2013 Centrum Bada\u0144 i Analiz Rynku. <\/p>\n\n\n\n<p class=\"has-text-align-right\">Zobacz kto nam zaufa\u0142.<\/p>\n\n\n\n<div class=\"wp-block-button is-style-outline\"><a class=\"wp-block-button__link\" href=\"http:\/\/paben.pl\/?page_id=16\">Czytaj wi\u0119cej<\/a><\/div>\n<\/div><\/div>\n\n\n\n<div class=\"wp-block-group\"><div class=\"wp-block-group__inner-container\"><\/div><\/div>\n\n\n\n<p><\/p>\n<\/div>\n<\/div>\n\n\n\n<div class=\"wp-block-group alignwide\"><div class=\"wp-block-group__inner-container\"><\/div><\/div>\n\n\n\n<p><\/p>\n\n\n\n<p><\/p>\n","protected":false},"excerpt":{"rendered":"<p>O nas Firma Paben powsta\u0142a w 1995 roku i uczestniczy\u0142a we wprowadzaniu produkt\u00f3w MAPEI na polski rynek. Dzi\u015b Firma Paben&nbsp;[&hellip;]<\/p>\n","protected":false},"author":1,"featured_media":0,"parent":0,"menu_order":0,"comment_status":"closed","ping_status":"closed","template":"","meta":[],"_links":{"self":[{"href":"https:\/\/paben.pl\/index.php?rest_route=\/wp\/v2\/pages\/8"}],"collection":[{"href":"https:\/\/paben.pl\/index.php?rest_route=\/wp\/v2\/pages"}],"about":[{"href":"https:\/\/paben.pl\/index.php?rest_route=\/wp\/v2\/types\/page"}],"author":[{"embeddable":true,"href":"https:\/\/paben.pl\/index.php?rest_route=\/wp\/v2\/users\/1"}],"replies":[{"embeddable":true,"href":"https:\/\/paben.pl\/index.php?rest_route=%2Fwp%2Fv2%2Fcomments&post=8"}],"version-history":[{"count":22,"href":"https:\/\/paben.pl\/index.php?rest_route=\/wp\/v2\/pages\/8\/revisions"}],"predecessor-version":[{"id":278,"href":"https:\/\/paben.pl\/index.php?rest_route=\/wp\/v2\/pages\/8\/revisions\/278"}],"wp:attachment":[{"href":"https:\/\/paben.pl\/index.php?rest_route=%2Fwp%2Fv2%2Fmedia&parent=8"}],"curies":[{"name":"wp","href":"https:\/\/api.w.org\/{rel}","templated":true}]}}